{"id":10,"date":"2019-08-15T13:46:54","date_gmt":"2019-08-15T13:46:54","guid":{"rendered":"http:\/\/bestkaunas.org\/?page_id=10"},"modified":"2024-08-26T16:27:14","modified_gmt":"2024-08-26T14:27:14","slug":"pagrindinis","status":"publish","type":"page","link":"https:\/\/bestkaunas.org\/en\/","title":{"rendered":"Main"},"content":{"rendered":"<div data-elementor-type=\"wp-page\" data-elementor-id=\"10\" class=\"elementor elementor-10\">\n\t\t\t\t\t\t<section class=\"elementor-section elementor-top-section elementor-element elementor-element-37fc4c5 elementor-section-boxed elementor-section-height-default elementor-section-height-default\" data-id=\"37fc4c5\" data-element_type=\"section\" data-e-type=\"section\">\n\t\t\t\t\t\t<div class=\"elementor-container elementor-column-gap-default\">\n\t\t\t\t\t<div class=\"elementor-column elementor-col-100 elementor-top-column elementor-element elementor-element-570fe76\" data-id=\"570fe76\" data-element_type=\"column\" data-e-type=\"column\">\n\t\t\t<div class=\"elementor-widget-wrap elementor-element-populated\">\n\t\t\t\t\t\t<div class=\"elementor-element elementor-element-a2f5025 elementor-widget elementor-widget-spacer\" data-id=\"a2f5025\" data-element_type=\"widget\" data-e-type=\"widget\" data-widget_type=\"spacer.default\">\n\t\t\t\t<div class=\"elementor-widget-container\">\n\t\t\t\t\t\t\t<div class=\"elementor-spacer\">\n\t\t\t<div class=\"elementor-spacer-inner\"><\/div>\n\t\t<\/div>\n\t\t\t\t\t\t<\/div>\n\t\t\t\t<\/div>\n\t\t\t\t<section class=\"elementor-section elementor-inner-section elementor-element elementor-element-b0f3c00 elementor-section-boxed elementor-section-height-default elementor-section-height-default\" data-id=\"b0f3c00\" data-element_type=\"section\" data-e-type=\"section\">\n\t\t\t\t\t\t<div class=\"elementor-container elementor-column-gap-default\">\n\t\t\t\t\t<div class=\"elementor-column elementor-col-50 elementor-inner-column elementor-element elementor-element-009f74a\" data-id=\"009f74a\" data-element_type=\"column\" data-e-type=\"column\">\n\t\t\t<div class=\"elementor-widget-wrap elementor-element-populated\">\n\t\t\t\t\t\t<div class=\"elementor-element elementor-element-eb4e32c elementor-widget elementor-widget-image\" data-id=\"eb4e32c\" data-element_type=\"widget\" data-e-type=\"widget\" data-widget_type=\"image.default\">\n\t\t\t\t<div class=\"elementor-widget-container\">\n\t\t\t\t\t\t\t\t\t\t\t\t\t\t\t<img decoding=\"async\" src=\"https:\/\/bestkaunas.org\/wp-content\/uploads\/elementor\/thumbs\/BEST_KAUNAS_logo_spalvotas-2-piokqqry524aaf55w28ndvkdbifv6ci6j7rcxmftc4.png\" title=\"BEST_KAUNAS_logo_spalvotas-2\" alt=\"BEST_KAUNAS_logo_spalvotas-2\" loading=\"lazy\" \/>\t\t\t\t\t\t\t\t\t\t\t\t\t\t\t<\/div>\n\t\t\t\t<\/div>\n\t\t\t\t\t<\/div>\n\t\t<\/div>\n\t\t\t\t<div class=\"elementor-column elementor-col-50 elementor-inner-column elementor-element elementor-element-8c06447\" data-id=\"8c06447\" data-element_type=\"column\" data-e-type=\"column\">\n\t\t\t<div class=\"elementor-widget-wrap elementor-element-populated\">\n\t\t\t\t\t\t<div class=\"elementor-element elementor-element-f7b7acc elementor-widget elementor-widget-elementskit-heading\" data-id=\"f7b7acc\" data-element_type=\"widget\" data-e-type=\"widget\" data-widget_type=\"elementskit-heading.default\">\n\t\t\t\t<div class=\"elementor-widget-container\">\n\t\t\t\t\t<div class=\"ekit-wid-con\" ><div class=\"ekit-heading elementskit-section-title-wraper text_left   ekit_heading_tablet-   ekit_heading_mobile-\"><h2 class=\"ekit-heading--title elementskit-section-title\">What is BEST?<\/h2><\/div><\/div>\t\t\t\t<\/div>\n\t\t\t\t<\/div>\n\t\t\t\t<div class=\"elementor-element elementor-element-fcb22ee elementor-widget elementor-widget-text-editor\" data-id=\"fcb22ee\" data-element_type=\"widget\" data-e-type=\"widget\" data-widget_type=\"text-editor.default\">\n\t\t\t\t<div class=\"elementor-widget-container\">\n\t\t\t\t\t\t\t\t\t<p><span>BEST or Board of European Students of Technology is a constantly growing, non-profit and non-political international organization.<\/span><\/p><p>Main activity of BEST is events organising and in turn developing students, empowering cultural diversity. Our most notable events are EBEC and JuniorBEC engineering competitions, BEST Courses, orientational games.<\/p>\t\t\t\t\t\t\t\t<\/div>\n\t\t\t\t<\/div>\n\t\t\t\t\t<\/div>\n\t\t<\/div>\n\t\t\t\t\t<\/div>\n\t\t<\/section>\n\t\t\t\t\t<\/div>\n\t\t<\/div>\n\t\t\t\t\t<\/div>\n\t\t<\/section>\n\t\t\t\t<section class=\"elementor-section elementor-top-section elementor-element elementor-element-1786b76b elementor-section-boxed elementor-section-height-default elementor-section-height-default\" data-id=\"1786b76b\" data-element_type=\"section\" data-e-type=\"section\" data-settings=\"{&quot;background_background&quot;:&quot;classic&quot;}\">\n\t\t\t\t\t\t<div class=\"elementor-container elementor-column-gap-default\">\n\t\t\t\t\t<div class=\"elementor-column elementor-col-100 elementor-top-column elementor-element elementor-element-6ba845e0\" data-id=\"6ba845e0\" data-element_type=\"column\" data-e-type=\"column\">\n\t\t\t<div class=\"elementor-widget-wrap elementor-element-populated\">\n\t\t\t\t\t\t<div class=\"elementor-element elementor-element-2c1bb5d2 elementor-widget elementor-widget-elementskit-heading\" data-id=\"2c1bb5d2\" data-element_type=\"widget\" data-e-type=\"widget\" data-widget_type=\"elementskit-heading.default\">\n\t\t\t\t<div class=\"elementor-widget-container\">\n\t\t\t\t\t<div class=\"ekit-wid-con\" ><div class=\"ekit-heading elementskit-section-title-wraper center   ekit_heading_tablet-   ekit_heading_mobile-\"><h2 class=\"ekit-heading--title elementskit-section-title\">Activities<\/h2><div class=\"ekit_heading_separetor_wraper ekit_heading_elementskit-border-divider ekit-dotted\"><div class=\"elementskit-border-divider ekit-dotted\"><\/div><\/div><\/div><\/div>\t\t\t\t<\/div>\n\t\t\t\t<\/div>\n\t\t\t\t<section class=\"elementor-section elementor-inner-section elementor-element elementor-element-30402bad elementor-section-boxed elementor-section-height-default elementor-section-height-default\" data-id=\"30402bad\" data-element_type=\"section\" data-e-type=\"section\">\n\t\t\t\t\t\t<div class=\"elementor-container elementor-column-gap-default\">\n\t\t\t\t\t<div class=\"elementor-column elementor-col-33 elementor-inner-column elementor-element elementor-element-314a4dbd\" data-id=\"314a4dbd\" data-element_type=\"column\" data-e-type=\"column\">\n\t\t\t<div class=\"elementor-widget-wrap elementor-element-populated\">\n\t\t\t\t\t\t<div class=\"elementor-element elementor-element-484ef954 ekit-equal-height-disable elementor-widget elementor-widget-elementskit-image-box\" data-id=\"484ef954\" data-element_type=\"widget\" data-e-type=\"widget\" data-widget_type=\"elementskit-image-box.default\">\n\t\t\t\t<div class=\"elementor-widget-container\">\n\t\t\t\t\t<div class=\"ekit-wid-con\" >\n            <div class=\"elementskit-info-image-box ekit-image-box text-center hover_from_center hover-border-bottom\" >\n\n                \n                <div class=\"elementskit-box-header image-box-img-center\">\n\n                    <img decoding=\"async\" width=\"189\" height=\"150\" src=\"https:\/\/bestkaunas.org\/wp-content\/uploads\/2024\/08\/CR_logo_be_bg-e1724680494748.png\" class=\"attachment-full size-full wp-image-2559\" alt=\"\" srcset=\"https:\/\/bestkaunas.org\/wp-content\/uploads\/2024\/08\/CR_logo_be_bg-e1724680494748.png 189w, https:\/\/bestkaunas.org\/wp-content\/uploads\/2024\/08\/CR_logo_be_bg-e1724680494748-15x12.png 15w\" sizes=\"(max-width: 189px) 100vw, 189px\" \/>\n                <\/div>\n                \n                <div class=\"elementskit-box-body ekit-image-box-body\">\n                    <div class=\"elementskit-box-content ekit-image-box-body-inner\">\n                                                <h3 class=\"elementskit-info-box-title\">\n\n                        City Rally\n                        \n                    <\/h3>\n                                                            <div class=\"elementskit-box-style-content\">\n                        Cognitive orienteering competition on foot, designed to get to know Kaunas from an unconventional angle.                    <\/div>\n                                    <\/div>\n\n                                <div class=\"elementskit-box-footer\">\n                    <div class=\"box-footer\">\n                        <div class=\"btn-wraper\">\n                                                            <a href=\"https:\/\/bestkaunas.org\/en\/city-rally\/\" target=\"_blank\" rel=\"nofollow\" class=\"elementskit-btn whitespace--normal\">\n                                    \n                                    \n                                    Daugiau                                <\/a>\n                                                        <\/div>\n                    <\/div>\n                <\/div>\n                            <\/div>\n            <\/div>\n    <\/div>\t\t\t\t<\/div>\n\t\t\t\t<\/div>\n\t\t\t\t\t<\/div>\n\t\t<\/div>\n\t\t\t\t<div class=\"elementor-column elementor-col-33 elementor-inner-column elementor-element elementor-element-4959828c\" data-id=\"4959828c\" data-element_type=\"column\" data-e-type=\"column\">\n\t\t\t<div class=\"elementor-widget-wrap elementor-element-populated\">\n\t\t\t\t\t\t<div class=\"elementor-element elementor-element-e11a5cb ekit-equal-height-disable elementor-widget elementor-widget-elementskit-image-box\" data-id=\"e11a5cb\" data-element_type=\"widget\" data-e-type=\"widget\" data-widget_type=\"elementskit-image-box.default\">\n\t\t\t\t<div class=\"elementor-widget-container\">\n\t\t\t\t\t<div class=\"ekit-wid-con\" >\n            <div class=\"elementskit-info-image-box ekit-image-box text-center hover_from_center hover-border-bottom\" >\n\n                \n                <div class=\"elementskit-box-header image-box-img-center\">\n\n                    <img fetchpriority=\"high\" decoding=\"async\" width=\"850\" height=\"311\" src=\"https:\/\/bestkaunas.org\/wp-content\/uploads\/2022\/01\/jbec21_logo_jbec_v5_850.png\" class=\"attachment-full size-full wp-image-1270\" alt=\"\" srcset=\"https:\/\/bestkaunas.org\/wp-content\/uploads\/2022\/01\/jbec21_logo_jbec_v5_850.png.webp 850w, https:\/\/bestkaunas.org\/wp-content\/uploads\/2022\/01\/jbec21_logo_jbec_v5_850-300x110.png.webp 300w, https:\/\/bestkaunas.org\/wp-content\/uploads\/2022\/01\/jbec21_logo_jbec_v5_850-768x281.png.webp 768w, https:\/\/bestkaunas.org\/wp-content\/uploads\/2022\/01\/jbec21_logo_jbec_v5_850-18x7.png.webp 18w\" sizes=\"(max-width: 850px) 100vw, 850px\" \/>\n                <\/div>\n                \n                <div class=\"elementskit-box-body ekit-image-box-body\">\n                    <div class=\"elementskit-box-content ekit-image-box-body-inner\">\n                                                <h3 class=\"elementskit-info-box-title\">\n\n                        JuniorBEC - high-school engineering competition\n                        \n                    <\/h3>\n                                                            <div class=\"elementskit-box-style-content\">\n                        Engineering competition for high-schoolers in Lithuania. Any student from grade 9-12 can participate.                    <\/div>\n                                    <\/div>\n\n                                <div class=\"elementskit-box-footer\">\n                    <div class=\"box-footer\">\n                        <div class=\"btn-wraper\">\n                                                            <a href=\"http:\/\/bestkaunas.org\/en\/juniorbec\/\" target=\"_blank\" rel=\"nofollow\" class=\"elementskit-btn whitespace--normal\">\n                                    \n                                    \n                                    Daugiau                                <\/a>\n                                                        <\/div>\n                    <\/div>\n                <\/div>\n                            <\/div>\n            <\/div>\n    <\/div>\t\t\t\t<\/div>\n\t\t\t\t<\/div>\n\t\t\t\t\t<\/div>\n\t\t<\/div>\n\t\t\t\t<div class=\"elementor-column elementor-col-33 elementor-inner-column elementor-element elementor-element-2fa5dcfe\" data-id=\"2fa5dcfe\" data-element_type=\"column\" data-e-type=\"column\">\n\t\t\t<div class=\"elementor-widget-wrap elementor-element-populated\">\n\t\t\t\t\t\t<div class=\"elementor-element elementor-element-73cae863 ekit-equal-height-disable elementor-widget elementor-widget-elementskit-image-box\" data-id=\"73cae863\" data-element_type=\"widget\" data-e-type=\"widget\" data-widget_type=\"elementskit-image-box.default\">\n\t\t\t\t<div class=\"elementor-widget-container\">\n\t\t\t\t\t<div class=\"ekit-wid-con\" >\n            <div class=\"elementskit-info-image-box ekit-image-box text-center hover_from_center hover-border-bottom\" >\n\n                \n                <div class=\"elementskit-box-header image-box-img-center\">\n\n                    <img decoding=\"async\" width=\"655\" height=\"228\" src=\"https:\/\/bestkaunas.org\/wp-content\/uploads\/2020\/02\/BEST-Courses-Logo.png\" class=\"attachment-full size-full wp-image-477\" alt=\"\" srcset=\"https:\/\/bestkaunas.org\/wp-content\/uploads\/2020\/02\/BEST-Courses-Logo.png.webp 655w, https:\/\/bestkaunas.org\/wp-content\/uploads\/2020\/02\/BEST-Courses-Logo-300x104.png.webp 300w\" sizes=\"(max-width: 655px) 100vw, 655px\" \/>\n                <\/div>\n                \n                <div class=\"elementskit-box-body ekit-image-box-body\">\n                    <div class=\"elementskit-box-content ekit-image-box-body-inner\">\n                                                <h3 class=\"elementskit-info-box-title\">\n\n                        Academical courses\n                        \n                    <\/h3>\n                                                            <div class=\"elementskit-box-style-content\">\n                        BEST Courses - 1-2 week long course during which students learn from professionals, discover other cultures and meet like-minded people from all across Europe!                    <\/div>\n                                    <\/div>\n\n                                <div class=\"elementskit-box-footer\">\n                    <div class=\"box-footer\">\n                        <div class=\"btn-wraper\">\n                                                            <a href=\"https:\/\/www.best.eu.org\/courses\/welcome.jsp\" target=\"_blank\" rel=\"nofollow\" class=\"elementskit-btn whitespace--normal\">\n                                    \n                                    \n                                    Daugiau                                <\/a>\n                                                        <\/div>\n                    <\/div>\n                <\/div>\n                            <\/div>\n            <\/div>\n    <\/div>\t\t\t\t<\/div>\n\t\t\t\t<\/div>\n\t\t\t\t\t<\/div>\n\t\t<\/div>\n\t\t\t\t\t<\/div>\n\t\t<\/section>\n\t\t\t\t\t<\/div>\n\t\t<\/div>\n\t\t\t\t\t<\/div>\n\t\t<\/section>\n\t\t\t\t<section class=\"elementor-section elementor-top-section elementor-element elementor-element-3ff0bad elementor-section-boxed elementor-section-height-default elementor-section-height-default\" data-id=\"3ff0bad\" data-element_type=\"section\" data-e-type=\"section\" data-settings=\"{&quot;background_background&quot;:&quot;classic&quot;}\">\n\t\t\t\t\t\t\t<div class=\"elementor-background-overlay\"><\/div>\n\t\t\t\t\t\t\t<div class=\"elementor-container elementor-column-gap-default\">\n\t\t\t\t\t<div class=\"elementor-column elementor-col-33 elementor-top-column elementor-element elementor-element-770486ff\" data-id=\"770486ff\" data-element_type=\"column\" data-e-type=\"column\">\n\t\t\t<div class=\"elementor-widget-wrap elementor-element-populated\">\n\t\t\t\t\t\t<div class=\"elementor-element elementor-element-5e8b447c elementor-widget elementor-widget-elementskit-funfact\" data-id=\"5e8b447c\" data-element_type=\"widget\" data-e-type=\"widget\" data-widget_type=\"elementskit-funfact.default\">\n\t\t\t\t<div class=\"elementor-widget-container\">\n\t\t\t\t\t<div class=\"ekit-wid-con\" >\n\t\t<div class=\"elementskit-funfact text-center    divider_funfact position_top\">\n\t\t\t\t\t\t\t<div class=\"vertical-bar border_right_side\"><\/div>\n\t\t\t\n\t\t\t<div class=\"elementskit-funfact-inner\">\n\t\t\t\t\n\t\t\t\t<div class=\"funfact-content\">\n\t\t\t\t\t<div class=\"number-percentage-wraper\">\n\t\t\t\t\t\t\t\t\t\t\t\t<span class=\"number-percentage\"\n\t\t\t\t\t\t      data-value=\"84\"\n\t\t\t\t\t\t      data-animation-duration=\"3500\"\n\t\t\t\t\t\t\t  data-style=\"static\">0<\/span>\n\t\t\t\t\t\t\t\t\t\t\t\t\t\t\t\t\t\t\t<span class=\"super\"><\/span>\n\t\t\t\t\t\t\t\t\t\t\t<\/div>\n\n\t\t\t\t\t<h3 class=\"funfact-title\">local BEST groups<\/h3>\t\t\t\t\t\t\t\t<\/div>\n\t\t<\/div>\n\t\t<\/div>\n\n\n\t\t<\/div>\t\t\t\t<\/div>\n\t\t\t\t<\/div>\n\t\t\t\t\t<\/div>\n\t\t<\/div>\n\t\t\t\t<div class=\"elementor-column elementor-col-33 elementor-top-column elementor-element elementor-element-7d3a8596\" data-id=\"7d3a8596\" data-element_type=\"column\" data-e-type=\"column\">\n\t\t\t<div class=\"elementor-widget-wrap elementor-element-populated\">\n\t\t\t\t\t\t<div class=\"elementor-element elementor-element-11349905 elementor-widget elementor-widget-elementskit-funfact\" data-id=\"11349905\" data-element_type=\"widget\" data-e-type=\"widget\" data-widget_type=\"elementskit-funfact.default\">\n\t\t\t\t<div class=\"elementor-widget-container\">\n\t\t\t\t\t<div class=\"ekit-wid-con\" >\n\t\t<div class=\"elementskit-funfact text-center    divider_funfact position_top\">\n\t\t\t\t\t\t\t<div class=\"vertical-bar border_right_side\"><\/div>\n\t\t\t\n\t\t\t<div class=\"elementskit-funfact-inner\">\n\t\t\t\t\n\t\t\t\t<div class=\"funfact-content\">\n\t\t\t\t\t<div class=\"number-percentage-wraper\">\n\t\t\t\t\t\t\t\t\t\t\t\t<span class=\"number-percentage\"\n\t\t\t\t\t\t      data-value=\"3300\"\n\t\t\t\t\t\t      data-animation-duration=\"3500\"\n\t\t\t\t\t\t\t  data-style=\"static\">0<\/span>\n\t\t\t\t\t\t\t\t\t\t\t\t\t\t\t\t\t\t\t<span class=\"super\">+<\/span>\n\t\t\t\t\t\t\t\t\t\t\t<\/div>\n\n\t\t\t\t\t<h3 class=\"funfact-title\">total members<\/h3>\t\t\t\t\t\t\t\t<\/div>\n\t\t<\/div>\n\t\t<\/div>\n\n\n\t\t<\/div>\t\t\t\t<\/div>\n\t\t\t\t<\/div>\n\t\t\t\t\t<\/div>\n\t\t<\/div>\n\t\t\t\t<div class=\"elementor-column elementor-col-33 elementor-top-column elementor-element elementor-element-7e7368bc\" data-id=\"7e7368bc\" data-element_type=\"column\" data-e-type=\"column\">\n\t\t\t<div class=\"elementor-widget-wrap elementor-element-populated\">\n\t\t\t\t\t\t<div class=\"elementor-element elementor-element-14703855 elementor-widget elementor-widget-elementskit-funfact\" data-id=\"14703855\" data-element_type=\"widget\" data-e-type=\"widget\" data-widget_type=\"elementskit-funfact.default\">\n\t\t\t\t<div class=\"elementor-widget-container\">\n\t\t\t\t\t<div class=\"ekit-wid-con\" >\n\t\t<div class=\"elementskit-funfact text-center    divider_funfact position_top\">\n\t\t\t\t\t\t\t<div class=\"vertical-bar border_right_side\"><\/div>\n\t\t\t\n\t\t\t<div class=\"elementskit-funfact-inner\">\n\t\t\t\t\n\t\t\t\t<div class=\"funfact-content\">\n\t\t\t\t\t<div class=\"number-percentage-wraper\">\n\t\t\t\t\t\t\t\t\t\t\t\t<span class=\"number-percentage\"\n\t\t\t\t\t\t      data-value=\"20\"\n\t\t\t\t\t\t      data-animation-duration=\"3500\"\n\t\t\t\t\t\t\t  data-style=\"static\">0<\/span>\n\t\t\t\t\t\t\t\t\t\t\t\t\t\t\t\t\t\t\t<span class=\"super\"><\/span>\n\t\t\t\t\t\t\t\t\t\t\t<\/div>\n\n\t\t\t\t\t<h3 class=\"funfact-title\">years in Lithuania<\/h3>\t\t\t\t\t\t\t\t<\/div>\n\t\t<\/div>\n\t\t<\/div>\n\n\n\t\t<\/div>\t\t\t\t<\/div>\n\t\t\t\t<\/div>\n\t\t\t\t\t<\/div>\n\t\t<\/div>\n\t\t\t\t\t<\/div>\n\t\t<\/section>\n\t\t\t\t<section class=\"elementor-section elementor-top-section elementor-element elementor-element-72e33fc6 elementor-section-boxed elementor-section-height-default elementor-section-height-default\" data-id=\"72e33fc6\" data-element_type=\"section\" data-e-type=\"section\" data-settings=\"{&quot;background_background&quot;:&quot;classic&quot;}\">\n\t\t\t\t\t\t<div class=\"elementor-container elementor-column-gap-default\">\n\t\t\t\t\t<div class=\"elementor-column elementor-col-50 elementor-top-column elementor-element elementor-element-709af4d4\" data-id=\"709af4d4\" data-element_type=\"column\" data-e-type=\"column\" data-settings=\"{&quot;background_background&quot;:&quot;classic&quot;}\">\n\t\t\t<div class=\"elementor-widget-wrap elementor-element-populated\">\n\t\t\t\t\t\t<div class=\"elementor-element elementor-element-4909d0c3 elementor-widget elementor-widget-elementskit-heading\" data-id=\"4909d0c3\" data-element_type=\"widget\" data-e-type=\"widget\" data-widget_type=\"elementskit-heading.default\">\n\t\t\t\t<div class=\"elementor-widget-container\">\n\t\t\t\t\t<div class=\"ekit-wid-con\" ><div class=\"ekit-heading elementskit-section-title-wraper text_left   ekit_heading_tablet-   ekit_heading_mobile-\"><h2 class=\"ekit-heading--title elementskit-section-title\">About Us<\/h2><\/div><\/div>\t\t\t\t<\/div>\n\t\t\t\t<\/div>\n\t\t\t\t<div class=\"elementor-element elementor-element-6299339b elementor-widget elementor-widget-text-editor\" data-id=\"6299339b\" data-element_type=\"widget\" data-e-type=\"widget\" data-widget_type=\"text-editor.default\">\n\t\t\t\t<div class=\"elementor-widget-container\">\n\t\t\t\t\t\t\t\t\t<p><span>Since 2004, we have been a part of the union of technological universities with 84 universities, 30 countries and more than 3300 students, which we call a family. For 35 years, the Board of European Students of Technology has been helping students from all over Europe improve, learn from each other, implement ideas, discover cultures, make acquaintances and promote internationality.<\/span><\/p>\t\t\t\t\t\t\t\t<\/div>\n\t\t\t\t<\/div>\n\t\t\t\t<div class=\"elementor-element elementor-element-0acac23 elementor-align-left elementor-widget elementor-widget-elementskit-button\" data-id=\"0acac23\" data-element_type=\"widget\" data-e-type=\"widget\" data-widget_type=\"elementskit-button.default\">\n\t\t\t\t<div class=\"elementor-widget-container\">\n\t\t\t\t\t<div class=\"ekit-wid-con\" >\t\t<div class=\"ekit-btn-wraper\">\n\t\t\t\t\t\t\t<a href=\"http:\/\/bestkaunas.org\/en\/apie-mus\/\" rel=\"nofollow\" class=\"elementskit-btn  whitespace--normal\" id=\"\">\n\t\t\t\t\tJoin us\t\t\t\t<\/a>\n\t\t\t\t\t<\/div>\n        <\/div>\t\t\t\t<\/div>\n\t\t\t\t<\/div>\n\t\t\t\t\t<\/div>\n\t\t<\/div>\n\t\t\t\t<div class=\"elementor-column elementor-col-50 elementor-top-column elementor-element elementor-element-19a68a0a\" data-id=\"19a68a0a\" data-element_type=\"column\" data-e-type=\"column\" data-settings=\"{&quot;background_background&quot;:&quot;classic&quot;}\">\n\t\t\t<div class=\"elementor-widget-wrap elementor-element-populated\">\n\t\t\t\t\t<div class=\"elementor-background-overlay\"><\/div>\n\t\t\t\t\t\t<div class=\"elementor-element elementor-element-af39270 elementor-widget elementor-widget-image\" data-id=\"af39270\" data-element_type=\"widget\" data-e-type=\"widget\" data-widget_type=\"image.default\">\n\t\t\t\t<div class=\"elementor-widget-container\">\n\t\t\t\t\t\t\t\t\t\t\t\t\t\t\t<img loading=\"lazy\" decoding=\"async\" width=\"750\" height=\"563\" src=\"https:\/\/bestkaunas.org\/wp-content\/uploads\/2024\/08\/bendra1-1024x768.jpeg\" class=\"attachment-large size-large wp-image-2465\" alt=\"\" srcset=\"https:\/\/bestkaunas.org\/wp-content\/uploads\/2024\/08\/bendra1-1024x768.jpeg.webp 1024w, https:\/\/bestkaunas.org\/wp-content\/uploads\/2024\/08\/bendra1-300x225.jpeg.webp 300w, https:\/\/bestkaunas.org\/wp-content\/uploads\/2024\/08\/bendra1-768x576.jpeg.webp 768w, https:\/\/bestkaunas.org\/wp-content\/uploads\/2024\/08\/bendra1-1536x1152.jpeg.webp 1536w, https:\/\/bestkaunas.org\/wp-content\/uploads\/2024\/08\/bendra1-16x12.jpeg.webp 16w, https:\/\/bestkaunas.org\/wp-content\/uploads\/2024\/08\/bendra1.jpeg.webp 2048w\" sizes=\"(max-width: 750px) 100vw, 750px\" \/>\t\t\t\t\t\t\t\t\t\t\t\t\t\t\t<\/div>\n\t\t\t\t<\/div>\n\t\t\t\t\t<\/div>\n\t\t<\/div>\n\t\t\t\t\t<\/div>\n\t\t<\/section>\n\t\t\t\t<\/div>","protected":false},"excerpt":{"rendered":"<p>Kas yra BEST? BEST arba Board of European Students of Technology yra nuolatos auganti, ne pelno siekianti, tarptautin\u0117 student\u0173 organizacija. Pagrindin\u0117s BEST veiklos yra tarptauti\u0161kumo skatinimas, \u012fmoni\u0173, universitet\u0173 bei student\u0173 vienijimas. \u0160ios paskatos \u012fgyvendinamos \u012fvairiais renginiais kaip: in\u017einerin\u0117mis var\u017eybomis EBEC, JuniorBEC bei akademiniais kursais. M\u016bs\u0173 veikla City Rally Pa\u017eintin\u0117s orientacin\u0117s [&hellip;]<\/p>\n","protected":false},"author":5,"featured_media":0,"parent":0,"menu_order":0,"comment_status":"closed","ping_status":"closed","template":"","meta":{"_monsterinsights_skip_tracking":false,"_monsterinsights_sitenote_active":false,"_monsterinsights_sitenote_note":"","_monsterinsights_sitenote_category":0,"footnotes":""},"class_list":["post-10","page","type-page","status-publish","hentry"],"_links":{"self":[{"href":"https:\/\/bestkaunas.org\/en\/wp-json\/wp\/v2\/pages\/10","targetHints":{"allow":["GET"]}}],"collection":[{"href":"https:\/\/bestkaunas.org\/en\/wp-json\/wp\/v2\/pages"}],"about":[{"href":"https:\/\/bestkaunas.org\/en\/wp-json\/wp\/v2\/types\/page"}],"author":[{"embeddable":true,"href":"https:\/\/bestkaunas.org\/en\/wp-json\/wp\/v2\/users\/5"}],"replies":[{"embeddable":true,"href":"https:\/\/bestkaunas.org\/en\/wp-json\/wp\/v2\/comments?post=10"}],"version-history":[{"count":72,"href":"https:\/\/bestkaunas.org\/en\/wp-json\/wp\/v2\/pages\/10\/revisions"}],"predecessor-version":[{"id":2574,"href":"https:\/\/bestkaunas.org\/en\/wp-json\/wp\/v2\/pages\/10\/revisions\/2574"}],"wp:attachment":[{"href":"https:\/\/bestkaunas.org\/en\/wp-json\/wp\/v2\/media?parent=10"}],"curies":[{"name":"wp","href":"https:\/\/api.w.org\/{rel}","templated":true}]}}