{"id":18,"date":"2019-08-15T13:48:01","date_gmt":"2019-08-15T13:48:01","guid":{"rendered":"http:\/\/bestkaunas.org\/?page_id=18"},"modified":"2025-09-03T15:07:37","modified_gmt":"2025-09-03T13:07:37","slug":"apie-mus","status":"publish","type":"page","link":"https:\/\/bestkaunas.org\/en\/apie-mus\/","title":{"rendered":"About Us"},"content":{"rendered":"<div data-elementor-type=\"wp-page\" data-elementor-id=\"18\" class=\"elementor elementor-18\">\n\t\t\t\t\t\t<section class=\"elementor-section elementor-top-section elementor-element elementor-element-a604314 elementor-section-boxed elementor-section-height-default elementor-section-height-default\" data-id=\"a604314\" data-element_type=\"section\" data-e-type=\"section\">\n\t\t\t\t\t\t<div class=\"elementor-container elementor-column-gap-default\">\n\t\t\t\t\t<div class=\"elementor-column elementor-col-100 elementor-top-column elementor-element elementor-element-197e508\" data-id=\"197e508\" data-element_type=\"column\" data-e-type=\"column\">\n\t\t\t<div class=\"elementor-widget-wrap elementor-element-populated\">\n\t\t\t\t\t\t<div class=\"elementor-element elementor-element-12315f8 elementor-align-center elementor-widget elementor-widget-button\" data-id=\"12315f8\" data-element_type=\"widget\" data-e-type=\"widget\" data-widget_type=\"button.default\">\n\t\t\t\t<div class=\"elementor-widget-container\">\n\t\t\t\t\t\t\t\t\t<div class=\"elementor-button-wrapper\">\n\t\t\t\t\t<a class=\"elementor-button elementor-button-link elementor-size-md\" href=\"#photo_gallery\">\n\t\t\t\t\t\t<span class=\"elementor-button-content-wrapper\">\n\t\t\t\t\t\t\t\t\t<span class=\"elementor-button-text\">Join us! Fill the registration form below!<\/span>\n\t\t\t\t\t<\/span>\n\t\t\t\t\t<\/a>\n\t\t\t\t<\/div>\n\t\t\t\t\t\t\t\t<\/div>\n\t\t\t\t<\/div>\n\t\t\t\t<div class=\"elementor-element elementor-element-d263e6d elementor-widget elementor-widget-text-editor\" data-id=\"d263e6d\" data-element_type=\"widget\" data-e-type=\"widget\" data-widget_type=\"text-editor.default\">\n\t\t\t\t<div class=\"elementor-widget-container\">\n\t\t\t\t\t\t\t\t\t<p><span>Since 2004, we have been a part of the union of technological universities with 84 universities, 30 countries and more than 3300 students, which we call a family. For 35 years, the Board of European Students of Technology has been helping students from all over Europe improve, learn from each other, implement ideas, discover cultures, make acquaintances and promote internationality.<\/span><\/p>\t\t\t\t\t\t\t\t<\/div>\n\t\t\t\t<\/div>\n\t\t\t\t<div class=\"elementor-element elementor-element-2310e32 elementor-widget elementor-widget-heading\" data-id=\"2310e32\" data-element_type=\"widget\" data-e-type=\"widget\" data-widget_type=\"heading.default\">\n\t\t\t\t<div class=\"elementor-widget-container\">\n\t\t\t\t\t<h5 class=\"elementor-heading-title elementor-size-default\">Our events<\/h5>\t\t\t\t<\/div>\n\t\t\t\t<\/div>\n\t\t\t\t<div class=\"elementor-element elementor-element-9b2b29f elementor-icon-list--layout-traditional elementor-list-item-link-full_width elementor-widget elementor-widget-icon-list\" data-id=\"9b2b29f\" data-element_type=\"widget\" data-e-type=\"widget\" data-widget_type=\"icon-list.default\">\n\t\t\t\t<div class=\"elementor-widget-container\">\n\t\t\t\t\t\t\t<ul class=\"elementor-icon-list-items\">\n\t\t\t\t\t\t\t<li class=\"elementor-icon-list-item\">\n\t\t\t\t\t\t\t\t\t\t\t<span class=\"elementor-icon-list-icon\">\n\t\t\t\t\t\t\t<i aria-hidden=\"true\" class=\"fas fa-book\"><\/i>\t\t\t\t\t\t<\/span>\n\t\t\t\t\t\t\t\t\t\t<span class=\"elementor-icon-list-text\">BEST Courses - 1-2 week long course for learning about your chosen topic<\/span>\n\t\t\t\t\t\t\t\t\t<\/li>\n\t\t\t\t\t\t\t\t<li class=\"elementor-icon-list-item\">\n\t\t\t\t\t\t\t\t\t\t\t<span class=\"elementor-icon-list-icon\">\n\t\t\t\t\t\t\t<i aria-hidden=\"true\" class=\"fas fa-child\"><\/i>\t\t\t\t\t\t<\/span>\n\t\t\t\t\t\t\t\t\t\t<span class=\"elementor-icon-list-text\">JuniorBEC (Junior BEST Engineering Competition) - engineering competition for high-school students in Lithuania<\/span>\n\t\t\t\t\t\t\t\t\t<\/li>\n\t\t\t\t\t\t\t\t<li class=\"elementor-icon-list-item\">\n\t\t\t\t\t\t\t\t\t\t\t<span class=\"elementor-icon-list-icon\">\n\t\t\t\t\t\t\t<i aria-hidden=\"true\" class=\"fas fa-search\"><\/i>\t\t\t\t\t\t<\/span>\n\t\t\t\t\t\t\t\t\t\t<span class=\"elementor-icon-list-text\">Orientational games \"City Rally\"<\/span>\n\t\t\t\t\t\t\t\t\t<\/li>\n\t\t\t\t\t\t\t\t<li class=\"elementor-icon-list-item\">\n\t\t\t\t\t\t\t\t\t\t\t<span class=\"elementor-icon-list-icon\">\n\t\t\t\t\t\t\t<i aria-hidden=\"true\" class=\"fas fa-ship\"><\/i>\t\t\t\t\t\t<\/span>\n\t\t\t\t\t\t\t\t\t\t<span class=\"elementor-icon-list-text\">Various internal events<\/span>\n\t\t\t\t\t\t\t\t\t<\/li>\n\t\t\t\t\t\t<\/ul>\n\t\t\t\t\t\t<\/div>\n\t\t\t\t<\/div>\n\t\t\t\t<div class=\"elementor-element elementor-element-da06182 elementor-widget elementor-widget-heading\" data-id=\"da06182\" data-element_type=\"widget\" data-e-type=\"widget\" data-widget_type=\"heading.default\">\n\t\t\t\t<div class=\"elementor-widget-container\">\n\t\t\t\t\t<h5 class=\"elementor-heading-title elementor-size-default\">After joining BEST Kaunas you will...<\/h5>\t\t\t\t<\/div>\n\t\t\t\t<\/div>\n\t\t\t\t<div class=\"elementor-element elementor-element-0ec6f5e elementor-icon-list--layout-traditional elementor-list-item-link-full_width elementor-widget elementor-widget-icon-list\" data-id=\"0ec6f5e\" data-element_type=\"widget\" data-e-type=\"widget\" data-widget_type=\"icon-list.default\">\n\t\t\t\t<div class=\"elementor-widget-container\">\n\t\t\t\t\t\t\t<ul class=\"elementor-icon-list-items\">\n\t\t\t\t\t\t\t<li class=\"elementor-icon-list-item\">\n\t\t\t\t\t\t\t\t\t\t\t<span class=\"elementor-icon-list-icon\">\n\t\t\t\t\t\t\t<i aria-hidden=\"true\" class=\"fas fa-globe-africa\"><\/i>\t\t\t\t\t\t<\/span>\n\t\t\t\t\t\t\t\t\t\t<span class=\"elementor-icon-list-text\">Discover new countries and cultures by travelling<\/span>\n\t\t\t\t\t\t\t\t\t<\/li>\n\t\t\t\t\t\t\t\t<li class=\"elementor-icon-list-item\">\n\t\t\t\t\t\t\t\t\t\t\t<span class=\"elementor-icon-list-icon\">\n\t\t\t\t\t\t\t<i aria-hidden=\"true\" class=\"fas fa-chess-king\"><\/i>\t\t\t\t\t\t<\/span>\n\t\t\t\t\t\t\t\t\t\t<span class=\"elementor-icon-list-text\">Gain many invaluable skills in international events and trainings<\/span>\n\t\t\t\t\t\t\t\t\t<\/li>\n\t\t\t\t\t\t\t\t<li class=\"elementor-icon-list-item\">\n\t\t\t\t\t\t\t\t\t\t\t<span class=\"elementor-icon-list-icon\">\n\t\t\t\t\t\t\t<i aria-hidden=\"true\" class=\"fas fa-envelope\"><\/i>\t\t\t\t\t\t<\/span>\n\t\t\t\t\t\t\t\t\t\t<span class=\"elementor-icon-list-text\">Represent the organisation in local and international conferences. Not only participating, but also organizing them!<\/span>\n\t\t\t\t\t\t\t\t\t<\/li>\n\t\t\t\t\t\t\t\t<li class=\"elementor-icon-list-item\">\n\t\t\t\t\t\t\t\t\t\t\t<span class=\"elementor-icon-list-icon\">\n\t\t\t\t\t\t\t<i aria-hidden=\"true\" class=\"fas fa-child\"><\/i>\t\t\t\t\t\t<\/span>\n\t\t\t\t\t\t\t\t\t\t<span class=\"elementor-icon-list-text\">Participate in local BEST events<\/span>\n\t\t\t\t\t\t\t\t\t<\/li>\n\t\t\t\t\t\t\t\t<li class=\"elementor-icon-list-item\">\n\t\t\t\t\t\t\t\t\t\t\t<span class=\"elementor-icon-list-icon\">\n\t\t\t\t\t\t\t<i aria-hidden=\"true\" class=\"far fa-handshake\"><\/i>\t\t\t\t\t\t<\/span>\n\t\t\t\t\t\t\t\t\t\t<span class=\"elementor-icon-list-text\">Communicate and cooperate with many various companies<\/span>\n\t\t\t\t\t\t\t\t\t<\/li>\n\t\t\t\t\t\t\t\t<li class=\"elementor-icon-list-item\">\n\t\t\t\t\t\t\t\t\t\t\t<span class=\"elementor-icon-list-icon\">\n\t\t\t\t\t\t\t<i aria-hidden=\"true\" class=\"far fa-lightbulb\"><\/i>\t\t\t\t\t\t<\/span>\n\t\t\t\t\t\t\t\t\t\t<span class=\"elementor-icon-list-text\">Discover European cultures from a new perspective<\/span>\n\t\t\t\t\t\t\t\t\t<\/li>\n\t\t\t\t\t\t\t\t<li class=\"elementor-icon-list-item\">\n\t\t\t\t\t\t\t\t\t\t\t<span class=\"elementor-icon-list-icon\">\n\t\t\t\t\t\t\t<i aria-hidden=\"true\" class=\"fas fa-user-friends\"><\/i>\t\t\t\t\t\t<\/span>\n\t\t\t\t\t\t\t\t\t\t<span class=\"elementor-icon-list-text\">Expand your network with like-minded people from all over the world<\/span>\n\t\t\t\t\t\t\t\t\t<\/li>\n\t\t\t\t\t\t\t\t<li class=\"elementor-icon-list-item\">\n\t\t\t\t\t\t\t\t\t\t\t<span class=\"elementor-icon-list-icon\">\n\t\t\t\t\t\t\t<i aria-hidden=\"true\" class=\"fas fa-couch\"><\/i>\t\t\t\t\t\t<\/span>\n\t\t\t\t\t\t\t\t\t\t<span class=\"elementor-icon-list-text\">Leave your comfort zone<\/span>\n\t\t\t\t\t\t\t\t\t<\/li>\n\t\t\t\t\t\t<\/ul>\n\t\t\t\t\t\t<\/div>\n\t\t\t\t<\/div>\n\t\t\t\t<div class=\"elementor-element elementor-element-9a6692a elementor-widget elementor-widget-heading\" data-id=\"9a6692a\" data-element_type=\"widget\" data-e-type=\"widget\" data-widget_type=\"heading.default\">\n\t\t\t\t<div class=\"elementor-widget-container\">\n\t\t\t\t\t<h5 class=\"elementor-heading-title elementor-size-default\">Moments from the life in BEST Kaunas<\/h5>\t\t\t\t<\/div>\n\t\t\t\t<\/div>\n\t\t\t\t<div class=\"elementor-element elementor-element-2df0714 elementor-widget elementor-widget-image-gallery\" data-id=\"2df0714\" data-element_type=\"widget\" data-e-type=\"widget\" id=\"photo_gallery\" data-widget_type=\"image-gallery.default\">\n\t\t\t\t<div class=\"elementor-widget-container\">\n\t\t\t\t\t\t\t<div class=\"elementor-image-gallery\">\n\t\t\t\n\t\t<style type=\"text\/css\">\n\t\t\t#gallery-1 {\n\t\t\t\tmargin: auto;\n\t\t\t}\n\t\t\t#gallery-1 .gallery-item {\n\t\t\t\tfloat: left;\n\t\t\t\tmargin-top: 10px;\n\t\t\t\ttext-align: center;\n\t\t\t\twidth: 25%;\n\t\t\t}\n\t\t\t#gallery-1 img {\n\t\t\t\tborder: 2px solid #cfcfcf;\n\t\t\t}\n\t\t\t#gallery-1 .gallery-caption {\n\t\t\t\tmargin-left: 0;\n\t\t\t}\n\t\t\t\/* see gallery_shortcode() in wp-includes\/media.php *\/\n\t\t<\/style>\n\t\t<div id='gallery-1' class='gallery galleryid-18 gallery-columns-4 gallery-size-medium'><dl class='gallery-item'>\n\t\t\t<dt class='gallery-icon landscape'>\n\t\t\t\t<a data-elementor-open-lightbox=\"yes\" data-elementor-lightbox-slideshow=\"2df0714\" data-elementor-lightbox-title=\"bendra4\" data-e-action-hash=\"#elementor-action%3Aaction%3Dlightbox%26settings%3DeyJpZCI6MjQ2OCwidXJsIjoiaHR0cHM6XC9cL2Jlc3RrYXVuYXMub3JnXC93cC1jb250ZW50XC91cGxvYWRzXC8yMDI0XC8wOFwvYmVuZHJhNC5qcGVnIiwic2xpZGVzaG93IjoiMmRmMDcxNCJ9\" href='https:\/\/bestkaunas.org\/wp-content\/uploads\/2024\/08\/bendra4.jpeg'><img fetchpriority=\"high\" decoding=\"async\" width=\"300\" height=\"225\" src=\"https:\/\/bestkaunas.org\/wp-content\/uploads\/2024\/08\/bendra4-300x225.jpeg\" class=\"attachment-medium size-medium\" alt=\"\" srcset=\"https:\/\/bestkaunas.org\/wp-content\/uploads\/2024\/08\/bendra4-300x225.jpeg 300w, https:\/\/bestkaunas.org\/wp-content\/uploads\/2024\/08\/bendra4-1024x768.jpeg 1024w, https:\/\/bestkaunas.org\/wp-content\/uploads\/2024\/08\/bendra4-768x576.jpeg 768w, https:\/\/bestkaunas.org\/wp-content\/uploads\/2024\/08\/bendra4-1536x1152.jpeg 1536w, https:\/\/bestkaunas.org\/wp-content\/uploads\/2024\/08\/bendra4-16x12.jpeg 16w, https:\/\/bestkaunas.org\/wp-content\/uploads\/2024\/08\/bendra4.jpeg 2048w\" sizes=\"(max-width: 300px) 100vw, 300px\" \/><\/a>\n\t\t\t<\/dt><\/dl><dl class='gallery-item'>\n\t\t\t<dt class='gallery-icon landscape'>\n\t\t\t\t<a data-elementor-open-lightbox=\"yes\" data-elementor-lightbox-slideshow=\"2df0714\" data-elementor-lightbox-title=\"bendra2\" data-e-action-hash=\"#elementor-action%3Aaction%3Dlightbox%26settings%3DeyJpZCI6MjQ2NiwidXJsIjoiaHR0cHM6XC9cL2Jlc3RrYXVuYXMub3JnXC93cC1jb250ZW50XC91cGxvYWRzXC8yMDI0XC8wOFwvYmVuZHJhMi5qcGVnIiwic2xpZGVzaG93IjoiMmRmMDcxNCJ9\" href='https:\/\/bestkaunas.org\/wp-content\/uploads\/2024\/08\/bendra2.jpeg'><img decoding=\"async\" width=\"300\" height=\"225\" src=\"https:\/\/bestkaunas.org\/wp-content\/uploads\/2024\/08\/bendra2-300x225.jpeg\" class=\"attachment-medium size-medium\" alt=\"\" srcset=\"https:\/\/bestkaunas.org\/wp-content\/uploads\/2024\/08\/bendra2-300x225.jpeg 300w, https:\/\/bestkaunas.org\/wp-content\/uploads\/2024\/08\/bendra2-1024x768.jpeg 1024w, https:\/\/bestkaunas.org\/wp-content\/uploads\/2024\/08\/bendra2-768x576.jpeg 768w, https:\/\/bestkaunas.org\/wp-content\/uploads\/2024\/08\/bendra2-1536x1152.jpeg 1536w, https:\/\/bestkaunas.org\/wp-content\/uploads\/2024\/08\/bendra2-16x12.jpeg 16w, https:\/\/bestkaunas.org\/wp-content\/uploads\/2024\/08\/bendra2.jpeg 2048w\" sizes=\"(max-width: 300px) 100vw, 300px\" \/><\/a>\n\t\t\t<\/dt><\/dl><dl class='gallery-item'>\n\t\t\t<dt class='gallery-icon landscape'>\n\t\t\t\t<a data-elementor-open-lightbox=\"yes\" data-elementor-lightbox-slideshow=\"2df0714\" data-elementor-lightbox-title=\"bendra1\" data-e-action-hash=\"#elementor-action%3Aaction%3Dlightbox%26settings%3DeyJpZCI6MjQ2NSwidXJsIjoiaHR0cHM6XC9cL2Jlc3RrYXVuYXMub3JnXC93cC1jb250ZW50XC91cGxvYWRzXC8yMDI0XC8wOFwvYmVuZHJhMS5qcGVnIiwic2xpZGVzaG93IjoiMmRmMDcxNCJ9\" href='https:\/\/bestkaunas.org\/wp-content\/uploads\/2024\/08\/bendra1.jpeg'><img decoding=\"async\" width=\"300\" height=\"225\" src=\"https:\/\/bestkaunas.org\/wp-content\/uploads\/2024\/08\/bendra1-300x225.jpeg\" class=\"attachment-medium size-medium\" alt=\"\" srcset=\"https:\/\/bestkaunas.org\/wp-content\/uploads\/2024\/08\/bendra1-300x225.jpeg 300w, https:\/\/bestkaunas.org\/wp-content\/uploads\/2024\/08\/bendra1-1024x768.jpeg 1024w, https:\/\/bestkaunas.org\/wp-content\/uploads\/2024\/08\/bendra1-768x576.jpeg 768w, https:\/\/bestkaunas.org\/wp-content\/uploads\/2024\/08\/bendra1-1536x1152.jpeg 1536w, https:\/\/bestkaunas.org\/wp-content\/uploads\/2024\/08\/bendra1-16x12.jpeg 16w, https:\/\/bestkaunas.org\/wp-content\/uploads\/2024\/08\/bendra1.jpeg 2048w\" sizes=\"(max-width: 300px) 100vw, 300px\" \/><\/a>\n\t\t\t<\/dt><\/dl><dl class='gallery-item'>\n\t\t\t<dt class='gallery-icon landscape'>\n\t\t\t\t<a data-elementor-open-lightbox=\"yes\" data-elementor-lightbox-slideshow=\"2df0714\" data-elementor-lightbox-title=\"bendra3\" data-e-action-hash=\"#elementor-action%3Aaction%3Dlightbox%26settings%3DeyJpZCI6MjQ2NywidXJsIjoiaHR0cHM6XC9cL2Jlc3RrYXVuYXMub3JnXC93cC1jb250ZW50XC91cGxvYWRzXC8yMDI0XC8wOFwvYmVuZHJhMy5qcGVnIiwic2xpZGVzaG93IjoiMmRmMDcxNCJ9\" href='https:\/\/bestkaunas.org\/wp-content\/uploads\/2024\/08\/bendra3.jpeg'><img loading=\"lazy\" decoding=\"async\" width=\"300\" height=\"225\" src=\"https:\/\/bestkaunas.org\/wp-content\/uploads\/2024\/08\/bendra3-300x225.jpeg\" class=\"attachment-medium size-medium\" alt=\"\" srcset=\"https:\/\/bestkaunas.org\/wp-content\/uploads\/2024\/08\/bendra3-300x225.jpeg 300w, https:\/\/bestkaunas.org\/wp-content\/uploads\/2024\/08\/bendra3-1024x768.jpeg 1024w, https:\/\/bestkaunas.org\/wp-content\/uploads\/2024\/08\/bendra3-768x576.jpeg 768w, https:\/\/bestkaunas.org\/wp-content\/uploads\/2024\/08\/bendra3-1536x1152.jpeg 1536w, https:\/\/bestkaunas.org\/wp-content\/uploads\/2024\/08\/bendra3-16x12.jpeg 16w, https:\/\/bestkaunas.org\/wp-content\/uploads\/2024\/08\/bendra3.jpeg 2048w\" sizes=\"(max-width: 300px) 100vw, 300px\" \/><\/a>\n\t\t\t<\/dt><\/dl><br style=\"clear: both\" \/>\n\t\t<\/div>\n\t\t<\/div>\n\t\t\t\t\t\t<\/div>\n\t\t\t\t<\/div>\n\t\t\t\t<div class=\"elementor-element elementor-element-8d9d320 elementor-widget elementor-widget-heading\" data-id=\"8d9d320\" data-element_type=\"widget\" data-e-type=\"widget\" id=\"registration_form_header\" data-widget_type=\"heading.default\">\n\t\t\t\t<div class=\"elementor-widget-container\">\n\t\t\t\t\t<h5 class=\"elementor-heading-title elementor-size-default\">Don't miss the opportunity! Fill the registration form below!<\/h5>\t\t\t\t<\/div>\n\t\t\t\t<\/div>\n\t\t\t\t\t<\/div>\n\t\t<\/div>\n\t\t\t\t\t<\/div>\n\t\t<\/section>\n\t\t\t\t<section class=\"elementor-section elementor-top-section elementor-element elementor-element-348169f elementor-section-boxed elementor-section-height-default elementor-section-height-default\" data-id=\"348169f\" data-element_type=\"section\" data-e-type=\"section\">\n\t\t\t\t\t\t<div class=\"elementor-container elementor-column-gap-default\">\n\t\t\t\t\t<div class=\"elementor-column elementor-col-100 elementor-top-column elementor-element elementor-element-4a2ee99\" data-id=\"4a2ee99\" data-element_type=\"column\" data-e-type=\"column\">\n\t\t\t<div class=\"elementor-widget-wrap elementor-element-populated\">\n\t\t\t\t\t\t<div class=\"elementor-element elementor-element-dc2312d elementor-widget elementor-widget-html\" data-id=\"dc2312d\" data-element_type=\"widget\" data-e-type=\"widget\" data-widget_type=\"html.default\">\n\t\t\t\t<div class=\"elementor-widget-container\">\n\t\t\t\t\t<iframe src=\"https:\/\/forms.gle\/th3YZWLcr2fVL7gN7\" width=\"640\" height=\"700\" frameborder=\"0\" marginheight=\"0\" marginwidth=\"0\">Loading\u2026<\/iframe>\t\t\t\t<\/div>\n\t\t\t\t<\/div>\n\t\t\t\t<div class=\"elementor-element elementor-element-7ef3cd1 elementor-widget elementor-widget-spacer\" data-id=\"7ef3cd1\" data-element_type=\"widget\" data-e-type=\"widget\" data-widget_type=\"spacer.default\">\n\t\t\t\t<div class=\"elementor-widget-container\">\n\t\t\t\t\t\t\t<div class=\"elementor-spacer\">\n\t\t\t<div class=\"elementor-spacer-inner\"><\/div>\n\t\t<\/div>\n\t\t\t\t\t\t<\/div>\n\t\t\t\t<\/div>\n\t\t\t\t\t<\/div>\n\t\t<\/div>\n\t\t\t\t\t<\/div>\n\t\t<\/section>\n\t\t\t\t<\/div>","protected":false},"excerpt":{"rendered":"<p>Prisijunk prie m\u016bs\u0173! Pildyk registracijos form\u0105 \u017eemiau! Nuo 2004 met\u0173 esame 84 universitet\u0173, 30 \u0161ali\u0173 ir daugiau nei 3300 student\u0173 turin\u010dios, technologi\u0161k\u0173j\u0173 universitet\u0173 s\u0105jungos, kuri\u0105 dr\u0105siai vadiname \u0161eima, dalis. Board of European Students of Technology jau 35 metus padeda studentams i\u0161 visos Europos tobul\u0117ti, mokytis vieni i\u0161 kit\u0173, \u012fgyvendinti id\u0117jas, [&hellip;]<\/p>\n","protected":false},"author":13,"featured_media":2478,"parent":0,"menu_order":0,"comment_status":"closed","ping_status":"closed","template":"","meta":{"_monsterinsights_skip_tracking":false,"_monsterinsights_sitenote_active":false,"_monsterinsights_sitenote_note":"","_monsterinsights_sitenote_category":0,"footnotes":""},"class_list":["post-18","page","type-page","status-publish","has-post-thumbnail","hentry"],"_links":{"self":[{"href":"https:\/\/bestkaunas.org\/en\/wp-json\/wp\/v2\/pages\/18","targetHints":{"allow":["GET"]}}],"collection":[{"href":"https:\/\/bestkaunas.org\/en\/wp-json\/wp\/v2\/pages"}],"about":[{"href":"https:\/\/bestkaunas.org\/en\/wp-json\/wp\/v2\/types\/page"}],"author":[{"embeddable":true,"href":"https:\/\/bestkaunas.org\/en\/wp-json\/wp\/v2\/users\/13"}],"replies":[{"embeddable":true,"href":"https:\/\/bestkaunas.org\/en\/wp-json\/wp\/v2\/comments?post=18"}],"version-history":[{"count":91,"href":"https:\/\/bestkaunas.org\/en\/wp-json\/wp\/v2\/pages\/18\/revisions"}],"predecessor-version":[{"id":2835,"href":"https:\/\/bestkaunas.org\/en\/wp-json\/wp\/v2\/pages\/18\/revisions\/2835"}],"wp:featuredmedia":[{"embeddable":true,"href":"https:\/\/bestkaunas.org\/en\/wp-json\/wp\/v2\/media\/2478"}],"wp:attachment":[{"href":"https:\/\/bestkaunas.org\/en\/wp-json\/wp\/v2\/media?parent=18"}],"curies":[{"name":"wp","href":"https:\/\/api.w.org\/{rel}","templated":true}]}}